{"id":1131,"date":"2022-01-31T16:04:00","date_gmt":"2022-01-31T15:04:00","guid":{"rendered":"https:\/\/ki-no-shiatsu-lyon.com\/?page_id=1131"},"modified":"2025-06-24T09:30:39","modified_gmt":"2025-06-24T07:30:39","slug":"temoignages","status":"publish","type":"page","link":"https:\/\/ki-no-shiatsu-lyon.com\/ja\/temoignages\/","title":{"rendered":"T\u00e9moignages"},"content":{"rendered":"<div data-elementor-type=\"wp-page\" data-elementor-id=\"1131\" class=\"elementor elementor-1131\">\n\t\t\t\t\t\t<section class=\"elementor-section elementor-top-section elementor-element elementor-element-6c0fabc2 elementor-section-boxed elementor-section-height-default elementor-section-height-default\" data-id=\"6c0fabc2\" data-element_type=\"section\" data-settings=\"{&quot;background_background&quot;:&quot;classic&quot;}\">\n\t\t\t\t\t\t<div class=\"elementor-container elementor-column-gap-default\">\n\t\t\t\t\t<div class=\"elementor-column elementor-col-100 elementor-top-column elementor-element elementor-element-9c44619\" data-id=\"9c44619\" data-element_type=\"column\">\n\t\t\t<div class=\"elementor-widget-wrap elementor-element-populated\">\n\t\t\t\t\t\t<div class=\"elementor-element elementor-element-1efcd63 elementor-widget elementor-widget-spacer\" data-id=\"1efcd63\" data-element_type=\"widget\" data-widget_type=\"spacer.default\">\n\t\t\t\t<div class=\"elementor-widget-container\">\n\t\t\t\t\t\t\t<div class=\"elementor-spacer\">\n\t\t\t<div class=\"elementor-spacer-inner\"><\/div>\n\t\t<\/div>\n\t\t\t\t\t\t<\/div>\n\t\t\t\t<\/div>\n\t\t\t\t<div class=\"elementor-element elementor-element-67305cf1 elementor-widget elementor-widget-heading\" data-id=\"67305cf1\" data-element_type=\"widget\" data-widget_type=\"heading.default\">\n\t\t\t\t<div class=\"elementor-widget-container\">\n\t\t\t\t\t<h1 class=\"elementor-heading-title elementor-size-xl\">T\u00e9moignages<\/h1>\t\t\t\t<\/div>\n\t\t\t\t<\/div>\n\t\t\t\t<div class=\"elementor-element elementor-element-8823464 elementor-widget elementor-widget-spacer\" data-id=\"8823464\" data-element_type=\"widget\" data-widget_type=\"spacer.default\">\n\t\t\t\t<div class=\"elementor-widget-container\">\n\t\t\t\t\t\t\t<div class=\"elementor-spacer\">\n\t\t\t<div class=\"elementor-spacer-inner\"><\/div>\n\t\t<\/div>\n\t\t\t\t\t\t<\/div>\n\t\t\t\t<\/div>\n\t\t\t\t\t<\/div>\n\t\t<\/div>\n\t\t\t\t\t<\/div>\n\t\t<\/section>\n\t\t\t\t<section class=\"elementor-section elementor-top-section elementor-element elementor-element-252b553c elementor-section-boxed elementor-section-height-default elementor-section-height-default\" data-id=\"252b553c\" data-element_type=\"section\">\n\t\t\t\t\t\t<div class=\"elementor-container elementor-column-gap-default\">\n\t\t\t\t\t<div class=\"elementor-column elementor-col-100 elementor-top-column elementor-element elementor-element-856f78c\" data-id=\"856f78c\" data-element_type=\"column\">\n\t\t\t<div class=\"elementor-widget-wrap elementor-element-populated\">\n\t\t\t\t\t\t<div class=\"elementor-element elementor-element-2a2c76b elementor-widget elementor-widget-spacer\" data-id=\"2a2c76b\" data-element_type=\"widget\" data-widget_type=\"spacer.default\">\n\t\t\t\t<div class=\"elementor-widget-container\">\n\t\t\t\t\t\t\t<div class=\"elementor-spacer\">\n\t\t\t<div class=\"elementor-spacer-inner\"><\/div>\n\t\t<\/div>\n\t\t\t\t\t\t<\/div>\n\t\t\t\t<\/div>\n\t\t\t\t<div class=\"elementor-element elementor-element-c3356fb elementor-align-left elementor-widget elementor-widget-button\" data-id=\"c3356fb\" data-element_type=\"widget\" data-widget_type=\"button.default\">\n\t\t\t\t<div class=\"elementor-widget-container\">\n\t\t\t\t\t\t\t\t\t<div class=\"elementor-button-wrapper\">\n\t\t\t\t\t<a class=\"elementor-button elementor-button-link elementor-size-md\" href=\"https:\/\/g.page\/r\/CWAz9op_xvEREBM\/review\" target=\"_blank\">\n\t\t\t\t\t\t<span class=\"elementor-button-content-wrapper\">\n\t\t\t\t\t\t<span class=\"elementor-button-icon\">\n\t\t\t\t<svg aria-hidden=\"true\" class=\"e-font-icon-svg e-far-star\" viewbox=\"0 0 576 512\" xmlns=\"http:\/\/www.w3.org\/2000\/svg\"><path d=\"M528.1 171.5L382 150.2 316.7 17.8c-11.7-23.6-45.6-23.9-57.4 0L194 150.2 47.9 171.5c-26.2 3.8-36.7 36.1-17.7 54.6l105.7 103-25 145.5c-4.5 26.3 23.2 46 46.4 33.7L288 439.6l130.7 68.7c23.2 12.2 50.9-7.4 46.4-33.7l-25-145.5 105.7-103c19-18.5 8.5-50.8-17.7-54.6zM388.6 312.3l23.7 138.4L288 385.4l-124.3 65.3 23.7-138.4-100.6-98 139-20.2 62.2-126 62.2 126 139 20.2-100.6 98z\"><\/path><\/svg>\t\t\t<\/span>\n\t\t\t\t\t\t\t\t\t<span class=\"elementor-button-text\">\u3042\u306a\u305f\u306e\u30ec\u30d3\u30e5\u30fc\u3082\u304a\u5f85\u3061\u3057\u3066\u3044\u307e\u3059<\/span>\n\t\t\t\t\t<\/span>\n\t\t\t\t\t<\/a>\n\t\t\t\t<\/div>\n\t\t\t\t\t\t\t\t<\/div>\n\t\t\t\t<\/div>\n\t\t\t\t<div class=\"elementor-element elementor-element-7d074fd elementor-widget elementor-widget-shortcode\" data-id=\"7d074fd\" data-element_type=\"widget\" data-widget_type=\"shortcode.default\">\n\t\t\t\t<div class=\"elementor-widget-container\">\n\t\t\t\t\t\t\t<div class=\"elementor-shortcode\"><div data-src=\"https:\/\/cdn.trustindex.io\/loader.js?78602ba4636e753cb5564a09bc7\"><\/div><\/div>\n\t\t\t\t\t\t<\/div>\n\t\t\t\t<\/div>\n\t\t\t\t\t<\/div>\n\t\t<\/div>\n\t\t\t\t\t<\/div>\n\t\t<\/section>\n\t\t\t\t<section class=\"elementor-section elementor-top-section elementor-element elementor-element-7ece453b elementor-section-boxed elementor-section-height-default elementor-section-height-default\" data-id=\"7ece453b\" data-element_type=\"section\" data-settings=\"{&quot;background_background&quot;:&quot;classic&quot;}\">\n\t\t\t\t\t\t<div class=\"elementor-container elementor-column-gap-default\">\n\t\t\t\t\t<div class=\"elementor-column elementor-col-100 elementor-top-column elementor-element elementor-element-131c375f\" data-id=\"131c375f\" data-element_type=\"column\">\n\t\t\t<div class=\"elementor-widget-wrap elementor-element-populated\">\n\t\t\t\t\t\t<div class=\"elementor-element elementor-element-abde0c0 elementor-widget elementor-widget-spacer\" data-id=\"abde0c0\" data-element_type=\"widget\" data-widget_type=\"spacer.default\">\n\t\t\t\t<div class=\"elementor-widget-container\">\n\t\t\t\t\t\t\t<div class=\"elementor-spacer\">\n\t\t\t<div class=\"elementor-spacer-inner\"><\/div>\n\t\t<\/div>\n\t\t\t\t\t\t<\/div>\n\t\t\t\t<\/div>\n\t\t\t\t<div class=\"elementor-element elementor-element-cc319ae elementor-widget elementor-widget-text-editor\" data-id=\"cc319ae\" data-element_type=\"widget\" data-widget_type=\"text-editor.default\">\n\t\t\t\t<div class=\"elementor-widget-container\">\n\t\t\t\t\t\t\t\t\t<h3><span style=\"color: #3a2a17;\"><strong>Autres t\u00e9moignages<\/strong><\/span><\/h3><p><em><strong>Je remercie infiniment Kimiko pour ses s\u00e9ances de shiatsu<\/strong> &#8230;A chaque fois je repars d\u00e9li\u00e9e, l\u00e9g\u00e8re , d\u00e9tendue physiquement et psychiquement , je sens que l&rsquo;\u00e9nergie re-circule\u00a0 en moi ! C&rsquo;est un moment privil\u00e9gi\u00e9 ou le mental se pose pour laisser place \u00e0 l&rsquo;\u00e9coute\u00a0 des sensations corporelles.<\/em> <strong>Anne Marie D<\/strong><\/p><p><em><strong>Lors de mes s\u00e9ances de shiatsu<\/strong> avec Kimiko, j&rsquo;ai vraiment r\u00e9alis\u00e9 \u00e0 quel point, au-del\u00e0 de ses qualifications de praticienne, ses comp\u00e9tences int\u00e8grent la culture japonaise qui est la sienne. <\/em><br \/><em><strong>Une approche globale, corporelle bien s\u00fbr avec un ressenti tr\u00e8s fin<\/strong> mais aussi un \u00e9change verbal (temps de parole avant et apr\u00e8s), une \u00e9coute sensible, une prise en compte de la personne et son histoire propre, ainsi que de pr\u00e9cieux conseils &#8230;<\/em><br \/><em>Bref, une s\u00e9ance avec Kimiko procure une telle sensation de bien-\u00eatre et de s\u00e9r\u00e9nit\u00e9 que l&rsquo;on a forc\u00e9ment envie de r\u00e9it\u00e9rer \ud83d\ude42\u00a0<\/em><br \/><em>Je recommande vivement et j&rsquo;aurai plaisir \u00e0 offrir cette exp\u00e9rience \u00e0 mes proches (bons cadeaux).<\/em> <strong>Mathilde L<\/strong><\/p><p><em><strong>Un grand merci pour la d\u00e9tente absolue ressentie apr\u00e8s la s\u00e9ance.<\/strong> Un accueil et une \u00e9coute plus que professionnel et une exp\u00e9rience incroyable ! Je recommande chaudement !<\/em><strong> Romain D<\/strong><\/p>\t\t\t\t\t\t\t\t<\/div>\n\t\t\t\t<\/div>\n\t\t\t\t<div class=\"elementor-element elementor-element-896987f elementor-align-left elementor-widget elementor-widget-button\" data-id=\"896987f\" data-element_type=\"widget\" data-widget_type=\"button.default\">\n\t\t\t\t<div class=\"elementor-widget-container\">\n\t\t\t\t\t\t\t\t\t<div class=\"elementor-button-wrapper\">\n\t\t\t\t\t<a class=\"elementor-button elementor-button-link elementor-size-md\" href=\"https:\/\/g.page\/r\/CWAz9op_xvEREBM\/review\" target=\"_blank\">\n\t\t\t\t\t\t<span class=\"elementor-button-content-wrapper\">\n\t\t\t\t\t\t<span class=\"elementor-button-icon\">\n\t\t\t\t<svg aria-hidden=\"true\" class=\"e-font-icon-svg e-far-star\" viewbox=\"0 0 576 512\" xmlns=\"http:\/\/www.w3.org\/2000\/svg\"><path d=\"M528.1 171.5L382 150.2 316.7 17.8c-11.7-23.6-45.6-23.9-57.4 0L194 150.2 47.9 171.5c-26.2 3.8-36.7 36.1-17.7 54.6l105.7 103-25 145.5c-4.5 26.3 23.2 46 46.4 33.7L288 439.6l130.7 68.7c23.2 12.2 50.9-7.4 46.4-33.7l-25-145.5 105.7-103c19-18.5 8.5-50.8-17.7-54.6zM388.6 312.3l23.7 138.4L288 385.4l-124.3 65.3 23.7-138.4-100.6-98 139-20.2 62.2-126 62.2 126 139 20.2-100.6 98z\"><\/path><\/svg>\t\t\t<\/span>\n\t\t\t\t\t\t\t\t\t<span class=\"elementor-button-text\">\u3042\u306a\u305f\u306e\u30ec\u30d3\u30e5\u30fc\u3082\u304a\u5f85\u3061\u3057\u3066\u3044\u307e\u3059<\/span>\n\t\t\t\t\t<\/span>\n\t\t\t\t\t<\/a>\n\t\t\t\t<\/div>\n\t\t\t\t\t\t\t\t<\/div>\n\t\t\t\t<\/div>\n\t\t\t\t<div class=\"elementor-element elementor-element-7ffcf50 elementor-widget elementor-widget-spacer\" data-id=\"7ffcf50\" data-element_type=\"widget\" data-widget_type=\"spacer.default\">\n\t\t\t\t<div class=\"elementor-widget-container\">\n\t\t\t\t\t\t\t<div class=\"elementor-spacer\">\n\t\t\t<div class=\"elementor-spacer-inner\"><\/div>\n\t\t<\/div>\n\t\t\t\t\t\t<\/div>\n\t\t\t\t<\/div>\n\t\t\t\t\t<\/div>\n\t\t<\/div>\n\t\t\t\t\t<\/div>\n\t\t<\/section>\n\t\t\t\t<\/div>","protected":false},"excerpt":{"rendered":"<p>T\u00e9moignages Vous aussi laissez moi votre avis ! Autres t\u00e9moignages Je remercie infiniment Kimiko pour ses s\u00e9ances de shiatsu &#8230;A chaque fois je repars d\u00e9li\u00e9e, l\u00e9g\u00e8re , d\u00e9tendue physiquement et psychiquement , je sens que l&rsquo;\u00e9nergie re-circule\u00a0 en moi ! C&rsquo;est un moment privil\u00e9gi\u00e9 ou le mental se pose pour laisser place \u00e0 l&rsquo;\u00e9coute\u00a0 des sensations corporelles. Anne Marie D Lors de mes s\u00e9ances de shiatsu avec Kimiko, j&rsquo;ai vraiment r\u00e9alis\u00e9 \u00e0 quel point, au-del\u00e0 de ses qualifications de praticienne, ses comp\u00e9tences int\u00e8grent la culture japonaise qui est la sienne. Une approche globale, corporelle bien s\u00fbr avec un ressenti tr\u00e8s fin mais aussi un \u00e9change verbal (temps de parole avant&hellip;&nbsp;<a href=\"https:\/\/ki-no-shiatsu-lyon.com\/ja\/temoignages\/\" rel=\"bookmark\">\u7d9a\u304d\u3092\u8aad\u3080 &raquo;<span class=\"screen-reader-text\">T\u00e9moignages<\/span><\/a><\/p>","protected":false},"author":2,"featured_media":0,"parent":0,"menu_order":0,"comment_status":"closed","ping_status":"closed","template":"elementor_header_footer","meta":{"neve_meta_sidebar":"","neve_meta_container":"","neve_meta_enable_content_width":"off","neve_meta_content_width":100,"neve_meta_title_alignment":"","neve_meta_author_avatar":"","neve_post_elements_order":"","neve_meta_disable_header":"","neve_meta_disable_footer":"","neve_meta_disable_title":"on","footnotes":""},"class_list":["post-1131","page","type-page","status-publish","hentry"],"rttpg_featured_image_url":null,"rttpg_author":{"display_name":"Charlotte Bebin","author_link":"https:\/\/ki-no-shiatsu-lyon.com\/ja\/author\/charlotte_web_design\/"},"rttpg_comment":0,"rttpg_category":null,"rttpg_excerpt":"T\u00e9moignages Vous aussi laissez moi votre avis ! Autres t\u00e9moignages Je remercie infiniment Kimiko pour ses s\u00e9ances de shiatsu &#8230;A chaque fois je repars d\u00e9li\u00e9e, l\u00e9g\u00e8re , d\u00e9tendue physiquement et psychiquement , je sens que l&rsquo;\u00e9nergie re-circule\u00a0 en moi ! C&rsquo;est un moment privil\u00e9gi\u00e9 ou le mental se pose pour laisser place \u00e0 l&rsquo;\u00e9coute\u00a0 des&hellip;","_links":{"self":[{"href":"https:\/\/ki-no-shiatsu-lyon.com\/ja\/wp-json\/wp\/v2\/pages\/1131","targetHints":{"allow":["GET"]}}],"collection":[{"href":"https:\/\/ki-no-shiatsu-lyon.com\/ja\/wp-json\/wp\/v2\/pages"}],"about":[{"href":"https:\/\/ki-no-shiatsu-lyon.com\/ja\/wp-json\/wp\/v2\/types\/page"}],"author":[{"embeddable":true,"href":"https:\/\/ki-no-shiatsu-lyon.com\/ja\/wp-json\/wp\/v2\/users\/2"}],"replies":[{"embeddable":true,"href":"https:\/\/ki-no-shiatsu-lyon.com\/ja\/wp-json\/wp\/v2\/comments?post=1131"}],"version-history":[{"count":72,"href":"https:\/\/ki-no-shiatsu-lyon.com\/ja\/wp-json\/wp\/v2\/pages\/1131\/revisions"}],"predecessor-version":[{"id":3191,"href":"https:\/\/ki-no-shiatsu-lyon.com\/ja\/wp-json\/wp\/v2\/pages\/1131\/revisions\/3191"}],"wp:attachment":[{"href":"https:\/\/ki-no-shiatsu-lyon.com\/ja\/wp-json\/wp\/v2\/media?parent=1131"}],"curies":[{"name":"wp","href":"https:\/\/api.w.org\/{rel}","templated":true}]}}