{"id":1883,"date":"2023-05-04T16:46:29","date_gmt":"2023-05-04T14:46:29","guid":{"rendered":"https:\/\/ki-no-shiatsu-lyon.com\/?page_id=1883"},"modified":"2023-05-11T17:13:05","modified_gmt":"2023-05-11T15:13:05","slug":"kimiko-ai","status":"publish","type":"page","link":"https:\/\/ki-no-shiatsu-lyon.com\/ja\/kimiko-ai\/","title":{"rendered":"Kimiko AI"},"content":{"rendered":"<div data-elementor-type=\"wp-page\" data-elementor-id=\"1883\" class=\"elementor elementor-1883\">\n\t\t\t\t\t\t<section class=\"elementor-section elementor-top-section elementor-element elementor-element-4f3be44d elementor-section-boxed elementor-section-height-default elementor-section-height-default\" data-id=\"4f3be44d\" data-element_type=\"section\" data-settings=\"{&quot;background_background&quot;:&quot;classic&quot;}\">\n\t\t\t\t\t\t<div class=\"elementor-container elementor-column-gap-default\">\n\t\t\t\t\t<div class=\"elementor-column elementor-col-100 elementor-top-column elementor-element elementor-element-7203323e\" data-id=\"7203323e\" data-element_type=\"column\">\n\t\t\t<div class=\"elementor-widget-wrap elementor-element-populated\">\n\t\t\t\t\t\t<div class=\"elementor-element elementor-element-645687b elementor-widget elementor-widget-spacer\" data-id=\"645687b\" data-element_type=\"widget\" data-widget_type=\"spacer.default\">\n\t\t\t\t<div class=\"elementor-widget-container\">\n\t\t\t\t\t\t\t<div class=\"elementor-spacer\">\n\t\t\t<div class=\"elementor-spacer-inner\"><\/div>\n\t\t<\/div>\n\t\t\t\t\t\t<\/div>\n\t\t\t\t<\/div>\n\t\t\t\t<div class=\"elementor-element elementor-element-ca3ae0c elementor-widget elementor-widget-heading\" data-id=\"ca3ae0c\" data-element_type=\"widget\" data-widget_type=\"heading.default\">\n\t\t\t\t<div class=\"elementor-widget-container\">\n\t\t\t\t\t<h1 class=\"elementor-heading-title elementor-size-xl\">Kimiko Watanabe Architecte d'int\u00e9rieur (1984-2022)<\/h1>\t\t\t\t<\/div>\n\t\t\t\t<\/div>\n\t\t\t\t<div class=\"elementor-element elementor-element-71c549 elementor-widget elementor-widget-spacer\" data-id=\"71c549\" data-element_type=\"widget\" data-widget_type=\"spacer.default\">\n\t\t\t\t<div class=\"elementor-widget-container\">\n\t\t\t\t\t\t\t<div class=\"elementor-spacer\">\n\t\t\t<div class=\"elementor-spacer-inner\"><\/div>\n\t\t<\/div>\n\t\t\t\t\t\t<\/div>\n\t\t\t\t<\/div>\n\t\t\t\t\t<\/div>\n\t\t<\/div>\n\t\t\t\t\t<\/div>\n\t\t<\/section>\n\t\t\t\t<section class=\"elementor-section elementor-top-section elementor-element elementor-element-6fac6fcc elementor-section-boxed elementor-section-height-default elementor-section-height-default\" data-id=\"6fac6fcc\" data-element_type=\"section\">\n\t\t\t\t\t\t<div class=\"elementor-container elementor-column-gap-default\">\n\t\t\t\t\t<div class=\"elementor-column elementor-col-100 elementor-top-column elementor-element elementor-element-1a57797e\" data-id=\"1a57797e\" data-element_type=\"column\">\n\t\t\t<div class=\"elementor-widget-wrap elementor-element-populated\">\n\t\t\t\t\t\t<div class=\"elementor-element elementor-element-f4388 elementor-widget elementor-widget-text-editor\" data-id=\"f4388\" data-element_type=\"widget\" data-widget_type=\"text-editor.default\">\n\t\t\t\t<div class=\"elementor-widget-container\">\n\t\t\t\t\t\t\t\t\t<h3 class=\"site-description\">Je pense l\u2019espace et son am\u00e9nagement en termes de pratiques et d\u2019usages. De ces fonctionnalit\u00e9s, qui peuvent \u00eatre multiples, na\u00eet l\u2019esth\u00e9tique<\/h3>\t\t\t\t\t\t\t\t<\/div>\n\t\t\t\t<\/div>\n\t\t\t\t\t<\/div>\n\t\t<\/div>\n\t\t\t\t\t<\/div>\n\t\t<\/section>\n\t\t<div class=\"elementor-element elementor-element-f38e742 e-flex e-con-boxed e-con e-parent\" data-id=\"f38e742\" data-element_type=\"container\">\n\t\t\t\t\t<div class=\"e-con-inner\">\n\t\t\t\t\t<\/div>\n\t\t\t\t<\/div>\n\t\t<div class=\"elementor-element elementor-element-03507a9 e-flex e-con-boxed e-con e-parent\" data-id=\"03507a9\" data-element_type=\"container\">\n\t\t\t\t\t<div class=\"e-con-inner\">\n\t\t\t\t\t<\/div>\n\t\t\t\t<\/div>\n\t\t<div class=\"elementor-element elementor-element-95eb36f e-flex e-con-boxed e-con e-parent\" data-id=\"95eb36f\" data-element_type=\"container\">\n\t\t\t\t\t<div class=\"e-con-inner\">\n\t\t<div class=\"elementor-element elementor-element-4b27da0 e-con-full e-flex e-con e-child\" data-id=\"4b27da0\" data-element_type=\"container\">\n\t\t\t\t<div class=\"elementor-element elementor-element-f9e86b5 elementor-widget elementor-widget-text-editor\" data-id=\"f9e86b5\" data-element_type=\"widget\" data-widget_type=\"text-editor.default\">\n\t\t\t\t<div class=\"elementor-widget-container\">\n\t\t\t\t\t\t\t\t\t<p><strong>JE SUIS ENCHANT\u00c9E<\/strong> de la prestation de Kimiko Watanabe. Je lui ai indiqu\u00e9 mes besoins afin de couvrir un mur entier par un seul meuble. Elle a \u00e9t\u00e9 \u00e0 l\u2019\u00e9coute, m\u2019a fait un projet qui m\u2019a tout de suite emball\u00e9e. Tout a \u00e9t\u00e9 parfait de la conception au suivi avec l\u2019\u00e9b\u00e9niste et \u00e0 la r\u00e9ception de chantier. Elle est tr\u00e8s comp\u00e9tente, s\u00e9rieuse, de parole, attentive et a su traduire avec go\u00fbt ce que je souhaitais.<strong> Jacqueline<\/strong>\u00a0<\/p>\t\t\t\t\t\t\t\t<\/div>\n\t\t\t\t<\/div>\n\t\t\t\t<\/div>\n\t\t<div class=\"elementor-element elementor-element-fe82fa0 e-con-full e-flex e-con e-child\" data-id=\"fe82fa0\" data-element_type=\"container\">\n\t\t\t\t<div class=\"elementor-element elementor-element-c37f9d9 elementor-widget elementor-widget-text-editor\" data-id=\"c37f9d9\" data-element_type=\"widget\" data-widget_type=\"text-editor.default\">\n\t\t\t\t<div class=\"elementor-widget-container\">\n\t\t\t\t\t\t\t\t\t<p><strong>J\u2019AI APPR\u00c9CI\u00c9<\/strong>\u00a0l\u2019\u00e9coute, la r\u00e9activit\u00e9 et les suggestions propos\u00e9es par Kimiko sur le projet d\u2019am\u00e9nagement. En particulier sur les aspects \u00e9volutifs des am\u00e9nagements, avec des \u00e9l\u00e9ments mobiles ou d\u00e9pla\u00e7ables. M\u00eame si nous n\u2019avons pas retenu toutes les pr\u00e9conisations, cela nous a fait avancer et d\u00e9couvrir de nouvelles solutions. Concernant les dossiers graphiques, ils sont de tr\u00e8s bonne qualit\u00e9 avec beaucoup de pr\u00e9cisions et un rendu tr\u00e8s professionnel. <b>Laurence\u00a0\u00a0<\/b><\/p>\t\t\t\t\t\t\t\t<\/div>\n\t\t\t\t<\/div>\n\t\t\t\t<\/div>\n\t\t<div class=\"elementor-element elementor-element-f0e3677 e-con-full e-flex e-con e-child\" data-id=\"f0e3677\" data-element_type=\"container\">\n\t\t\t\t<div class=\"elementor-element elementor-element-a0ec4e7 elementor-widget elementor-widget-text-editor\" data-id=\"a0ec4e7\" data-element_type=\"widget\" data-widget_type=\"text-editor.default\">\n\t\t\t\t<div class=\"elementor-widget-container\">\n\t\t\t\t\t\t\t\t\t<p><strong>UN VRAI PLAISIR<\/strong>\u00a0de travailler avec madame Kimiko Watanabe. Une tr\u00e8s belle \u00e9coute , tr\u00e8s disponible aux souhaits \u00e9voqu\u00e9s dans la pr\u00e9paration, un tr\u00e8s beau sens esth\u00e9tique , un \u0153il s\u00fbr et un regard avec du recul.\u00a0<br \/>Le suivi de chantier est rigoureux, dans la pr\u00e9cision avec le sens du d\u00e9tail, tous les probl\u00e8mes sont r\u00e9solus et le contact aux entreprises est juste, exigent et patient.<br \/>Tout est pris en compte et Kimiko va au bout ce qui est tr\u00e8s appr\u00e9ciable.\u00a0<br \/>Nous exprimons ainsi notre satisfaction et notre reconnaissance. <strong>Christophe\u00a0<\/strong><\/p>\t\t\t\t\t\t\t\t<\/div>\n\t\t\t\t<\/div>\n\t\t\t\t<\/div>\n\t\t<div class=\"elementor-element elementor-element-4807cf5 e-con-full e-flex e-con e-child\" data-id=\"4807cf5\" data-element_type=\"container\">\n\t\t\t\t<div class=\"elementor-element elementor-element-d2fd888 elementor-widget elementor-widget-text-editor\" data-id=\"d2fd888\" data-element_type=\"widget\" data-widget_type=\"text-editor.default\">\n\t\t\t\t<div class=\"elementor-widget-container\">\n\t\t\t\t\t\t\t\t\t<p><strong>JE SUIS SATISFAITE<\/strong>\u00a0de la prestation de Kimiko \u00e0 tout point de vue : elle est \u00e0 l\u2019\u00e9coute des besoins, travaille avec rigueur, engagement et souci du d\u00e9tail, des finitions. Elle a su coordonner de main de ma\u00eetre 9 intervenants sur un chantier de gros \u0153uvre et d\u2019am\u00e9nagement de mon appartement, et tout cela, sans grand d\u00e9passement des d\u00e9lais. J\u2019avais enti\u00e8rement confiance et n\u2019ai pas eu besoin de m\u2019investir personnellement sur le chantier, c\u2019\u00e9tait tr\u00e8s rassurant. Ses choix de mat\u00e9riaux m\u2019ont beaucoup plu, ils sont de tr\u00e8s bon go\u00fbt : mariage chaleureux de bois clair et sombre, associ\u00e9 \u00e0 une touche industrielle avec une verri\u00e8re gris anthracite. Je la recommande vivement pour tous travaux de conception et de suivi de chantier. <strong>Bertranne\u00a0<\/strong><\/p>\t\t\t\t\t\t\t\t<\/div>\n\t\t\t\t<\/div>\n\t\t\t\t<\/div>\n\t\t\t\t\t<\/div>\n\t\t\t\t<\/div>\n\t\t\t\t<\/div>","protected":false},"excerpt":{"rendered":"<p>Kimiko Watanabe Architecte d&rsquo;int\u00e9rieur (1984-2022) Je pense l\u2019espace et son am\u00e9nagement en termes de pratiques et d\u2019usages. De ces fonctionnalit\u00e9s, qui peuvent \u00eatre multiples, na\u00eet l\u2019esth\u00e9tique Restaurant YOMOGI Place Sathonay , Lyon, Fa\u00e7ade Restaurant YOMOGI Place Sathonay , Lyon, Int\u00e9rieur Restaurant YOMOGI Place Sathonay , Lyon, Pr\u00e9sentoir Maison V, mobilier salle de bain D\u00e9tail : agencement Maison V, salle de bain Vue sur Jardin Maison V, salle de bain Vue par le jardin Maison V, salle de bain Vasque, coin douche D\u00e9tail menuiserie D\u00e9tail : Bloc menuis\u00e9 Appartement V, Bloc menuis\u00e9 Bloc menuis\u00e9 , cot\u00e9 sanitaires Appartement V, Bloc menuis\u00e9 Bloc menuis\u00e9 , cot\u00e9 rangements Appartement V, Bloc menuis\u00e9 Bloc&hellip;&nbsp;<a href=\"https:\/\/ki-no-shiatsu-lyon.com\/ja\/kimiko-ai\/\" rel=\"bookmark\">\u7d9a\u304d\u3092\u8aad\u3080 &raquo;<span class=\"screen-reader-text\">Kimiko AI<\/span><\/a><\/p>","protected":false},"author":1,"featured_media":0,"parent":0,"menu_order":0,"comment_status":"closed","ping_status":"closed","template":"","meta":{"neve_meta_sidebar":"","neve_meta_container":"","neve_meta_enable_content_width":"off","neve_meta_content_width":100,"neve_meta_title_alignment":"","neve_meta_author_avatar":"","neve_post_elements_order":"","neve_meta_disable_header":"","neve_meta_disable_footer":"","neve_meta_disable_title":"on","footnotes":""},"class_list":["post-1883","page","type-page","status-publish","hentry"],"rttpg_featured_image_url":null,"rttpg_author":{"display_name":"Kimiko Watanabe","author_link":"https:\/\/ki-no-shiatsu-lyon.com\/ja\/author\/shiatsukimiko966\/"},"rttpg_comment":0,"rttpg_category":null,"rttpg_excerpt":"Kimiko Watanabe Architecte d&rsquo;int\u00e9rieur (1984-2022) Je pense l\u2019espace et son am\u00e9nagement en termes de pratiques et d\u2019usages. De ces fonctionnalit\u00e9s, qui peuvent \u00eatre multiples, na\u00eet l\u2019esth\u00e9tique Restaurant YOMOGI Place Sathonay , Lyon, Fa\u00e7ade Restaurant YOMOGI Place Sathonay , Lyon, Int\u00e9rieur Restaurant YOMOGI Place Sathonay , Lyon, Pr\u00e9sentoir Maison V, mobilier salle de bain D\u00e9tail :&hellip;","_links":{"self":[{"href":"https:\/\/ki-no-shiatsu-lyon.com\/ja\/wp-json\/wp\/v2\/pages\/1883","targetHints":{"allow":["GET"]}}],"collection":[{"href":"https:\/\/ki-no-shiatsu-lyon.com\/ja\/wp-json\/wp\/v2\/pages"}],"about":[{"href":"https:\/\/ki-no-shiatsu-lyon.com\/ja\/wp-json\/wp\/v2\/types\/page"}],"author":[{"embeddable":true,"href":"https:\/\/ki-no-shiatsu-lyon.com\/ja\/wp-json\/wp\/v2\/users\/1"}],"replies":[{"embeddable":true,"href":"https:\/\/ki-no-shiatsu-lyon.com\/ja\/wp-json\/wp\/v2\/comments?post=1883"}],"version-history":[{"count":54,"href":"https:\/\/ki-no-shiatsu-lyon.com\/ja\/wp-json\/wp\/v2\/pages\/1883\/revisions"}],"predecessor-version":[{"id":2312,"href":"https:\/\/ki-no-shiatsu-lyon.com\/ja\/wp-json\/wp\/v2\/pages\/1883\/revisions\/2312"}],"wp:attachment":[{"href":"https:\/\/ki-no-shiatsu-lyon.com\/ja\/wp-json\/wp\/v2\/media?parent=1883"}],"curies":[{"name":"wp","href":"https:\/\/api.w.org\/{rel}","templated":true}]}}