{"id":3127,"date":"2025-05-28T11:13:18","date_gmt":"2025-05-28T09:13:18","guid":{"rendered":"https:\/\/ki-no-shiatsu-lyon.com\/?page_id=3127"},"modified":"2026-01-07T12:41:39","modified_gmt":"2026-01-07T11:41:39","slug":"mentions-obligatoires","status":"publish","type":"page","link":"https:\/\/ki-no-shiatsu-lyon.com\/ja\/mentions-obligatoires\/","title":{"rendered":"Mentions obligatoires"},"content":{"rendered":"<div data-elementor-type=\"wp-page\" data-elementor-id=\"3127\" class=\"elementor elementor-3127\">\n\t\t\t\t<div class=\"elementor-element elementor-element-32ff5b5f e-flex e-con-boxed e-con e-parent\" data-id=\"32ff5b5f\" data-element_type=\"container\">\n\t\t\t\t\t<div class=\"e-con-inner\">\n\t\t\t\t<div class=\"elementor-element elementor-element-6a9e95d1 elementor-widget elementor-widget-text-editor\" data-id=\"6a9e95d1\" data-element_type=\"widget\" data-widget_type=\"text-editor.default\">\n\t\t\t\t<div class=\"elementor-widget-container\">\n\t\t\t\t\t\t\t\t\t<h2 class=\"wp-block-heading\">1. M\u00e9diation de la consommation<\/h2>\n<p><!-- \/wp:heading --><!-- wp:paragraph --><\/p>\n<p align=\"LEFT\"><span style=\"color: #000000;\"><span style=\"font-family: Arial, sans-serif;\"><span style=\"font-size: small;\">Si vous n\u2019\u00eates pas parvenu \u00e0 r\u00e9soudre votre litige apr\u00e8s nous avoir adress\u00e9 une r\u00e9clamation \u00e9crite (courrier ou courriel), dat\u00e9e, rappelant les circonstances qui ont donn\u00e9 lieu au diff\u00e9rend et ce que vous r\u00e9clamez, vous pourrez saisir le m\u00e9diateur de la consommation, d\u00e9sign\u00e9 ci- dessous, si vous avez re\u00e7u une r\u00e9ponse \u00e9crite n\u00e9gative de notre part ou pas de r\u00e9ponse deux mois apr\u00e8s l\u2019envoi de votre r\u00e9clamation.<\/span><\/span><\/span><\/p>\n<p align=\"LEFT\"><span style=\"color: #000000;\"><span style=\"font-family: Arial, sans-serif;\"><span style=\"font-size: small;\"><b>Conform\u00e9ment aux articles L.616-1 et R.616-1\u00a0<\/b><br \/><b>du code de la consommation, notre soci\u00e9t\u00e9 a mis en place un dispositif de m\u00e9diation de la consommation. L&rsquo;entit\u00e9 de m\u00e9diation retenue est :<\/b><\/span><\/span><\/span><\/p>\n<p align=\"LEFT\"><span style=\"color: #000000;\"><span style=\"font-family: Arial, sans-serif;\"><span style=\"font-size: small;\"><b>MEDIATION CONSOMMATION D\u00c9VELOPPEMENT\/MED CONSO DEV<\/b><\/span><\/span><\/span><\/p>\n<p align=\"LEFT\"><span style=\"color: #000000;\"><span style=\"font-family: Arial, sans-serif;\"><span style=\"font-size: small;\"><b>En cas de litige, vous pouvez d\u00e9poser votre r\u00e9clamation sur son site :<\/b> <a href=\"https:\/\/www.medconsodev.eu\/\" target=\"_blank\" rel=\"noopener\"><b>https:\/\/www.medconsodev.eu<\/b><\/a><\/span><\/span><\/span><\/p>\n<p align=\"LEFT\"><span style=\"color: #000000;\"><span style=\"font-family: Arial, sans-serif;\"><span style=\"font-size: small;\"><b>ou par voie postale en \u00e9crivant \u00e0 : MEDIATION CONSOMMATION D\u00c9VELOPPEMENT\/MED CONSO DEV, Centre d\u2019Affaires St\u00e9phanois SAS\u00a0 IMMEUBLE L\u2019HORIZON \u2013 ESPLANADE DE FRANCE<\/b><br \/><b>3, RUE J. CONSTANT MILLERET \u2013 42000 SAINT-\u00c9TIENNE<\/b><\/span><\/span><\/span><\/p>\n<p>\u00a0<\/p>\n<p><!-- \/wp:paragraph --><!-- wp:heading --><\/p>\n<h2 class=\"wp-block-heading\">2. Politique de confidentialit\u00e9 (RGPD)<\/h2>\n<p><!-- \/wp:heading --><!-- wp:paragraph --><\/p>\n<p>En conformit\u00e9 avec le R\u00e8glement G\u00e9n\u00e9ral sur la Protection des Donn\u00e9es (RGPD) entr\u00e9 en vigueur le 25 mai 2018, les donn\u00e9es personnelles collect\u00e9es sur ce site (via formulaire de contact, prise de rendez-vous, etc.) sont trait\u00e9es dans le respect de la confidentialit\u00e9.<\/p>\n<p><!-- \/wp:paragraph --><!-- wp:paragraph --><\/p>\n<p><strong>Donn\u00e9es collect\u00e9es<\/strong> : nom, pr\u00e9nom, email, t\u00e9l\u00e9phone, informations de rendez-vous.<br \/><strong>Finalit\u00e9<\/strong> : gestion des rendez-vous, r\u00e9ponse aux demandes, communication d\u2019informations utiles.<br \/><strong>Dur\u00e9e de conservation<\/strong> : 3 ans \u00e0 compter du dernier contact ou rendez-vous.<br \/><strong>Droits de l\u2019utilisateur<\/strong> : vous pouvez acc\u00e9der \u00e0 vos donn\u00e9es, demander leur rectification, leur suppression ou vous opposer \u00e0 leur traitement en envoyant un message \u00e0 : info@ki-no-shiatsu-lyon.com<\/p>\n<p><!-- \/wp:paragraph --><!-- wp:paragraph --><\/p>\n<p>Les donn\u00e9es ne sont en aucun cas vendues ou partag\u00e9es \u00e0 des tiers.<\/p>\n<p><!-- \/wp:paragraph --><!-- wp:heading --><\/p>\n<h2 class=\"wp-block-heading\">3. Conditions G\u00e9n\u00e9rales de Vente (CGV)<\/h2>\n<p><!-- \/wp:heading --><!-- wp:paragraph --><\/p>\n<p>Les pr\u00e9sentes conditions g\u00e9n\u00e9rales de vente s\u2019appliquent \u00e0 l\u2019ensemble des prestations propos\u00e9es (s\u00e9ances de shiatsu, massage deep tissue, massage en entreprise, bons cadeaux\u2026).<\/p>\n<p><!-- \/wp:paragraph --><!-- wp:paragraph --><\/p>\n<p><strong>Prestations propos\u00e9es<\/strong> : Shiatsu adulte, Shiatsu enfants, Massage en entreprise, Massage Deep Tissue<br \/><strong>Dur\u00e9e des s\u00e9ances<\/strong> : 20 \u00e0 90 minutes selon la prestation choisie<br \/><strong>Tarifs<\/strong> : consultables sur la page d\u00e9di\u00e9e ou sur demande.<br \/><strong>Paiement accept\u00e9<\/strong> : esp\u00e8ces, virement bancaire, ch\u00e8que.<br \/><strong>R\u00e9servation<\/strong> : via le site https:\/\/ki-no-shiatsu-lyon.com\/prendre-rendez-vous-en-ligne\/ ou au 06 20 89 06 72.<br \/><strong>Annulation<\/strong> : toute annulation doit \u00eatre signal\u00e9e au moins 24h \u00e0 l\u2019avance. En cas de non-respect de ce d\u00e9lai, la s\u00e9ance pourra \u00eatre due.<br \/><strong>Bons cadeaux<\/strong> : valables 6 mois \u00e0 compter de la date d\u2019achat. Non remboursables.<\/p>\n<p><!-- \/wp:paragraph --><!-- wp:paragraph {\"backgroundColor\":\"nv-text-dark-bg\"} --><\/p>\n<p class=\"has-nv-text-dark-bg-background-color has-background\">\u00a0<\/p>\n<p><!-- \/wp:paragraph --><\/p>\t\t\t\t\t\t\t\t<\/div>\n\t\t\t\t<\/div>\n\t\t\t\t\t<\/div>\n\t\t\t\t<\/div>\n\t\t\t\t<\/div>","protected":false},"excerpt":{"rendered":"<p>1. M\u00e9diation de la consommation Si vous n\u2019\u00eates pas parvenu \u00e0 r\u00e9soudre votre litige apr\u00e8s nous avoir adress\u00e9 une r\u00e9clamation \u00e9crite (courrier ou courriel), dat\u00e9e, rappelant les circonstances qui ont donn\u00e9 lieu au diff\u00e9rend et ce que vous r\u00e9clamez, vous pourrez saisir le m\u00e9diateur de la consommation, d\u00e9sign\u00e9 ci- dessous, si vous avez re\u00e7u une r\u00e9ponse \u00e9crite n\u00e9gative de notre part ou pas de r\u00e9ponse deux mois apr\u00e8s l\u2019envoi de votre r\u00e9clamation. Conform\u00e9ment aux articles L.616-1 et R.616-1\u00a0du code de la consommation, notre soci\u00e9t\u00e9 a mis en place un dispositif de m\u00e9diation de la consommation. L&rsquo;entit\u00e9 de m\u00e9diation retenue est : MEDIATION CONSOMMATION D\u00c9VELOPPEMENT\/MED CONSO DEV En cas de litige,&hellip;&nbsp;<a href=\"https:\/\/ki-no-shiatsu-lyon.com\/ja\/mentions-obligatoires\/\" rel=\"bookmark\">\u7d9a\u304d\u3092\u8aad\u3080 &raquo;<span class=\"screen-reader-text\">Mentions obligatoires<\/span><\/a><\/p>","protected":false},"author":1,"featured_media":0,"parent":0,"menu_order":0,"comment_status":"closed","ping_status":"closed","template":"elementor_header_footer","meta":{"neve_meta_sidebar":"","neve_meta_container":"","neve_meta_enable_content_width":"","neve_meta_content_width":0,"neve_meta_title_alignment":"","neve_meta_author_avatar":"","neve_post_elements_order":"","neve_meta_disable_header":"","neve_meta_disable_footer":"","neve_meta_disable_title":"","footnotes":""},"class_list":["post-3127","page","type-page","status-publish","hentry"],"rttpg_featured_image_url":null,"rttpg_author":{"display_name":"Kimiko Watanabe","author_link":"https:\/\/ki-no-shiatsu-lyon.com\/ja\/author\/shiatsukimiko966\/"},"rttpg_comment":0,"rttpg_category":null,"rttpg_excerpt":"1. M\u00e9diation de la consommation Si vous n\u2019\u00eates pas parvenu \u00e0 r\u00e9soudre votre litige apr\u00e8s nous avoir adress\u00e9 une r\u00e9clamation \u00e9crite (courrier ou courriel), dat\u00e9e, rappelant les circonstances qui ont donn\u00e9 lieu au diff\u00e9rend et ce que vous r\u00e9clamez, vous pourrez saisir le m\u00e9diateur de la consommation, d\u00e9sign\u00e9 ci- dessous, si vous avez re\u00e7u une&hellip;","_links":{"self":[{"href":"https:\/\/ki-no-shiatsu-lyon.com\/ja\/wp-json\/wp\/v2\/pages\/3127","targetHints":{"allow":["GET"]}}],"collection":[{"href":"https:\/\/ki-no-shiatsu-lyon.com\/ja\/wp-json\/wp\/v2\/pages"}],"about":[{"href":"https:\/\/ki-no-shiatsu-lyon.com\/ja\/wp-json\/wp\/v2\/types\/page"}],"author":[{"embeddable":true,"href":"https:\/\/ki-no-shiatsu-lyon.com\/ja\/wp-json\/wp\/v2\/users\/1"}],"replies":[{"embeddable":true,"href":"https:\/\/ki-no-shiatsu-lyon.com\/ja\/wp-json\/wp\/v2\/comments?post=3127"}],"version-history":[{"count":17,"href":"https:\/\/ki-no-shiatsu-lyon.com\/ja\/wp-json\/wp\/v2\/pages\/3127\/revisions"}],"predecessor-version":[{"id":3370,"href":"https:\/\/ki-no-shiatsu-lyon.com\/ja\/wp-json\/wp\/v2\/pages\/3127\/revisions\/3370"}],"wp:attachment":[{"href":"https:\/\/ki-no-shiatsu-lyon.com\/ja\/wp-json\/wp\/v2\/media?parent=3127"}],"curies":[{"name":"wp","href":"https:\/\/api.w.org\/{rel}","templated":true}]}}