{"id":802,"date":"2022-01-25T17:55:24","date_gmt":"2022-01-25T16:55:24","guid":{"rendered":"https:\/\/ki-no-shiatsu-lyon.com\/?page_id=802"},"modified":"2025-09-03T11:03:10","modified_gmt":"2025-09-03T09:03:10","slug":"mentions-legales","status":"publish","type":"page","link":"https:\/\/ki-no-shiatsu-lyon.com\/ja\/mentions-legales\/","title":{"rendered":"Mentions l\u00e9gales"},"content":{"rendered":"<div data-elementor-type=\"wp-page\" data-elementor-id=\"802\" class=\"elementor elementor-802\">\n\t\t\t\t\t\t<section class=\"elementor-section elementor-top-section elementor-element elementor-element-6dbda7bd elementor-section-boxed elementor-section-height-default elementor-section-height-default\" data-id=\"6dbda7bd\" data-element_type=\"section\" data-settings=\"{&quot;background_background&quot;:&quot;classic&quot;}\">\n\t\t\t\t\t\t<div class=\"elementor-container elementor-column-gap-default\">\n\t\t\t\t\t<div class=\"elementor-column elementor-col-100 elementor-top-column elementor-element elementor-element-3573dcfd\" data-id=\"3573dcfd\" data-element_type=\"column\">\n\t\t\t<div class=\"elementor-widget-wrap elementor-element-populated\">\n\t\t\t\t\t\t<div class=\"elementor-element elementor-element-30e3b20c elementor-widget elementor-widget-spacer\" data-id=\"30e3b20c\" data-element_type=\"widget\" data-widget_type=\"spacer.default\">\n\t\t\t\t<div class=\"elementor-widget-container\">\n\t\t\t\t\t\t\t<div class=\"elementor-spacer\">\n\t\t\t<div class=\"elementor-spacer-inner\"><\/div>\n\t\t<\/div>\n\t\t\t\t\t\t<\/div>\n\t\t\t\t<\/div>\n\t\t\t\t<div class=\"elementor-element elementor-element-1ae86ed7 elementor-widget elementor-widget-heading\" data-id=\"1ae86ed7\" data-element_type=\"widget\" data-widget_type=\"heading.default\">\n\t\t\t\t<div class=\"elementor-widget-container\">\n\t\t\t\t\t<h1 class=\"elementor-heading-title elementor-size-xl\">Mentions l\u00e9gales<\/h1>\t\t\t\t<\/div>\n\t\t\t\t<\/div>\n\t\t\t\t<div class=\"elementor-element elementor-element-2650f55 elementor-widget elementor-widget-spacer\" data-id=\"2650f55\" data-element_type=\"widget\" data-widget_type=\"spacer.default\">\n\t\t\t\t<div class=\"elementor-widget-container\">\n\t\t\t\t\t\t\t<div class=\"elementor-spacer\">\n\t\t\t<div class=\"elementor-spacer-inner\"><\/div>\n\t\t<\/div>\n\t\t\t\t\t\t<\/div>\n\t\t\t\t<\/div>\n\t\t\t\t\t<\/div>\n\t\t<\/div>\n\t\t\t\t\t<\/div>\n\t\t<\/section>\n\t\t\t\t<section class=\"elementor-section elementor-top-section elementor-element elementor-element-3e8f9617 elementor-section-boxed elementor-section-height-default elementor-section-height-default\" data-id=\"3e8f9617\" data-element_type=\"section\">\n\t\t\t\t\t\t<div class=\"elementor-container elementor-column-gap-default\">\n\t\t\t\t\t<div class=\"elementor-column elementor-col-100 elementor-top-column elementor-element elementor-element-5cf2e8d3\" data-id=\"5cf2e8d3\" data-element_type=\"column\">\n\t\t\t<div class=\"elementor-widget-wrap elementor-element-populated\">\n\t\t\t\t\t\t<div class=\"elementor-element elementor-element-4be5b62e elementor-widget elementor-widget-spacer\" data-id=\"4be5b62e\" data-element_type=\"widget\" data-widget_type=\"spacer.default\">\n\t\t\t\t<div class=\"elementor-widget-container\">\n\t\t\t\t\t\t\t<div class=\"elementor-spacer\">\n\t\t\t<div class=\"elementor-spacer-inner\"><\/div>\n\t\t<\/div>\n\t\t\t\t\t\t<\/div>\n\t\t\t\t<\/div>\n\t\t\t\t<div class=\"elementor-element elementor-element-650e7681 elementor-widget__width-auto elementor-widget elementor-widget-text-editor\" data-id=\"650e7681\" data-element_type=\"widget\" data-widget_type=\"text-editor.default\">\n\t\t\t\t<div class=\"elementor-widget-container\">\n\t\t\t\t\t\t\t\t\t<p><strong>1 &#8211; Edition du site<\/strong><\/p>\t\t\t\t\t\t\t\t<\/div>\n\t\t\t\t<\/div>\n\t\t\t\t<div class=\"elementor-element elementor-element-d137f05 elementor-widget__width-auto elementor-widget elementor-widget-text-editor\" data-id=\"d137f05\" data-element_type=\"widget\" data-widget_type=\"text-editor.default\">\n\t\t\t\t<div class=\"elementor-widget-container\">\n\t\t\t\t\t\t\t\t\t<p>En vertu de<span style=\"color: #cc587c;\"> <a style=\"color: #cc587c;\" href=\"https:\/\/www.legifrance.gouv.fr\/loda\/id\/JORFTEXT000000801164\/#LEGIARTI000042038977\" target=\"_blank\" rel=\"noopener\">l&rsquo;article 6 de la loi n\u00b0 2004-575 du 21 juin 2004<\/a> <\/span>pour la confiance dans l&rsquo;\u00e9conomie num\u00e9rique, il est pr\u00e9cis\u00e9 aux utilisateurs du site internet <b>https:\/\/ki-no-shiatsu-lyon.com\/<\/b> l&rsquo;identit\u00e9 des diff\u00e9rents intervenants dans le cadre de sa r\u00e9alisation et de son suivi :<\/p><p><strong>Identification de l&rsquo;entreprise :\u00a0<\/strong><br \/>Kimiko Watanabe :\u00a0<br \/>Statut l\u00e9gal : Entreprise individuelle, Siret 511 065\u00a0 369 00015\u00a0<\/p><p>Shiatsu : Praticienne certifi\u00e9e et agr\u00e9\u00e9e aupr\u00e8s de la F\u00e9d\u00e9ration Fran\u00e7aise de Shiatsu Traditionnel \u2013 FFST<br \/>Certificat de praticien n\u00b0 : P 009608<\/p><p>Massage Deep Tissue : Praticienne certifi\u00e9e aupr\u00e8s du Centre Formation A Fleur de Peau\u00a0<\/p><p>Assurance RC professionnelle : Medinat : HXFRME000006448<\/p><p><br \/>Adresse postale : 16, Rue Royet 69300 Caluire et Cuire\u00a0<\/p><p><strong>Directeur de la publication :<\/strong><br \/>\u6e21\u90e8\u8cb4\u7f8e\u5b50\u3000\u308f\u305f\u306a\u3079\u304d\u307f\u3053<br \/>Contact : 06 20 89 06 72<\/p><p><strong>H\u00e9bergeur :\u00a0<\/strong><br \/>OVH SAS &#8211; 2 rue Kellermann &#8211; BP 80157 &#8211; 59053 Roubaix Cedex 1 &#8211; T\u00e9l\u00e9phone : 1007<\/p><p><strong>D\u00e9l\u00e9gu\u00e9 \u00e0 la protection des donn\u00e9es :<\/strong><br \/>Kimiko Watanabe &#8211; info@ki-no-shiatsu-lyon.com<\/p><p><strong>Autres contributeurs :\u00a0<\/strong><br \/>Webmaster : Charlotte Bebin<\/p>\t\t\t\t\t\t\t\t<\/div>\n\t\t\t\t<\/div>\n\t\t\t\t<div class=\"elementor-element elementor-element-e7fe044 elementor-widget__width-auto elementor-widget elementor-widget-text-editor\" data-id=\"e7fe044\" data-element_type=\"widget\" data-widget_type=\"text-editor.default\">\n\t\t\t\t<div class=\"elementor-widget-container\">\n\t\t\t\t\t\t\t\t\t<p><strong>2 &#8211; Propri\u00e9t\u00e9 intellectuelle et contrefa\u00e7ons<\/strong><\/p>\t\t\t\t\t\t\t\t<\/div>\n\t\t\t\t<\/div>\n\t\t\t\t<div class=\"elementor-element elementor-element-a70948e elementor-widget__width-auto elementor-widget elementor-widget-text-editor\" data-id=\"a70948e\" data-element_type=\"widget\" data-widget_type=\"text-editor.default\">\n\t\t\t\t<div class=\"elementor-widget-container\">\n\t\t\t\t\t\t\t\t\t<p><strong>\u6e21\u90e8\u8cb4\u7f8e\u5b50\u3000\u308f\u305f\u306a\u3079\u304d\u307f\u3053<\/strong> est propri\u00e9taire des droits de propri\u00e9t\u00e9 intellectuelle et d\u00e9tient les droits d\u2019usage sur tous les \u00e9l\u00e9ments accessibles sur le site internet, notamment les textes, images, graphismes, logos, vid\u00e9os, architecture, ic\u00f4nes et sons.<\/p><p>Toute reproduction, repr\u00e9sentation, modification, publication, adaptation de tout ou partie des \u00e9l\u00e9ments du site, quel que soit le moyen ou le proc\u00e9d\u00e9 utilis\u00e9, est interdite, sauf autorisation \u00e9crite pr\u00e9alable de\u00a0<strong>\u6e21\u90e8\u8cb4\u7f8e\u5b50\u3000\u308f\u305f\u306a\u3079\u304d\u307f\u3053<\/strong>.<\/p><p>Toute exploitation non autoris\u00e9e du site ou de l\u2019un quelconque des \u00e9l\u00e9ments qu\u2019il contient sera consid\u00e9r\u00e9e comme constitutive d\u2019une contrefa\u00e7on et poursuivie conform\u00e9ment aux dispositions des articles\u00a0<span style=\"color: #cc587c;\"><a style=\"color: #cc587c;\" href=\"https:\/\/www.legifrance.gouv.fr\/codes\/article_lc\/LEGIARTI000032655082\/\" target=\"_blank\" rel=\"noopener\">L.335-2 et suivants du Code de Propri\u00e9t\u00e9 Intellectuelle.<\/a><\/span><\/p>\t\t\t\t\t\t\t\t<\/div>\n\t\t\t\t<\/div>\n\t\t\t\t<div class=\"elementor-element elementor-element-6fe7ebe elementor-widget__width-auto elementor-widget elementor-widget-text-editor\" data-id=\"6fe7ebe\" data-element_type=\"widget\" data-widget_type=\"text-editor.default\">\n\t\t\t\t<div class=\"elementor-widget-container\">\n\t\t\t\t\t\t\t\t\t<p><strong>3 &#8211; Limitations de responsabilit\u00e9<\/strong><\/p>\t\t\t\t\t\t\t\t<\/div>\n\t\t\t\t<\/div>\n\t\t\t\t<div class=\"elementor-element elementor-element-a0ca43b elementor-widget__width-auto elementor-widget elementor-widget-text-editor\" data-id=\"a0ca43b\" data-element_type=\"widget\" data-widget_type=\"text-editor.default\">\n\t\t\t\t<div class=\"elementor-widget-container\">\n\t\t\t\t\t\t\t\t\t<p><strong>\u6e21\u90e8\u8cb4\u7f8e\u5b50\u3000\u308f\u305f\u306a\u3079\u304d\u307f\u3053<\/strong> ne pourra \u00eatre tenue pour responsable des dommages directs et indirects caus\u00e9s au mat\u00e9riel de l\u2019utilisateur, lors de l\u2019acc\u00e8s au site <strong>https:\/\/ki-no-shiatsu-lyon.com<\/strong>\/.<\/p><p><strong>\u6e21\u90e8\u8cb4\u7f8e\u5b50\u3000\u308f\u305f\u306a\u3079\u304d\u307f\u3053<\/strong> d\u00e9cline toute responsabilit\u00e9 quant \u00e0 l\u2019utilisation qui pourrait \u00eatre faite des informations et contenus pr\u00e9sents sur <strong>https:\/\/ki-no-shiatsu-lyon.com\/<\/strong>.<\/p><p><strong>\u6e21\u90e8\u8cb4\u7f8e\u5b50\u3000\u308f\u305f\u306a\u3079\u304d\u307f\u3053<\/strong> s\u2019engage \u00e0 s\u00e9curiser au mieux le site<strong>\u00a0https:\/\/ki-no-shiatsu-lyon.com\/<\/strong>, cependant sa responsabilit\u00e9 ne pourra \u00eatre mise en cause si des donn\u00e9es ind\u00e9sirables sont import\u00e9es et install\u00e9es sur son site \u00e0 son insu.<\/p><p>Des espaces interactifs (espace contact ou commentaires) sont \u00e0 la disposition des utilisateurs. Kimiko Watanabe \u00a0se r\u00e9serve le droit de supprimer, sans mise en demeure pr\u00e9alable, tout contenu d\u00e9pos\u00e9 dans cet espace qui contreviendrait \u00e0 la l\u00e9gislation applicable en France, en particulier aux dispositions relatives \u00e0 la protection des donn\u00e9es. Le cas \u00e9ch\u00e9ant,\u00a0Kimiko Watanabe se r\u00e9serve \u00e9galement la possibilit\u00e9 de mettre en cause la responsabilit\u00e9 civile et\/ou p\u00e9nale de l\u2019utilisateur, notamment en cas de message \u00e0 caract\u00e8re raciste, injurieux, diffamant, ou pornographique, quel que soit le support utilis\u00e9 (texte, photographie \u2026).<\/p>\t\t\t\t\t\t\t\t<\/div>\n\t\t\t\t<\/div>\n\t\t\t\t<div class=\"elementor-element elementor-element-8ae9a7e elementor-widget__width-auto elementor-widget elementor-widget-text-editor\" data-id=\"8ae9a7e\" data-element_type=\"widget\" data-widget_type=\"text-editor.default\">\n\t\t\t\t<div class=\"elementor-widget-container\">\n\t\t\t\t\t\t\t\t\t<p><strong>4 &#8211; CNIL et gestion des donn\u00e9es personnelles<\/strong><\/p>\t\t\t\t\t\t\t\t<\/div>\n\t\t\t\t<\/div>\n\t\t\t\t<div class=\"elementor-element elementor-element-67c9b4c elementor-widget__width-auto elementor-widget elementor-widget-text-editor\" data-id=\"67c9b4c\" data-element_type=\"widget\" data-widget_type=\"text-editor.default\">\n\t\t\t\t<div class=\"elementor-widget-container\">\n\t\t\t\t\t\t\t\t\t<p>Conform\u00e9ment aux dispositions de\u00a0<span style=\"color: #cc587c;\"><a style=\"color: #cc587c;\" href=\"https:\/\/www.legifrance.gouv.fr\/loda\/id\/JORFTEXT000000886460\/\" target=\"_blank\" rel=\"noopener\">la loi 78-17 du 6 janvier 1978 modifi\u00e9e<\/a><\/span>, l\u2019utilisateur du site\u00a0<strong>https:\/\/ki-no-shiatsu-lyon.com\/<\/strong>\u00a0dispose d\u2019un droit d\u2019acc\u00e8s, de modification et de suppression des informations collect\u00e9es. Pour exercer ce droit, envoyez un message \u00e0 notre D\u00e9l\u00e9gu\u00e9 \u00e0 la Protection des Donn\u00e9es :<strong>\u00a0Kimiko Watanabe\u00a0&#8211;\u00a0info@ki-no-shiatsu-lyon.com<\/strong>.<br \/>Pour plus d&rsquo;informations sur la fa\u00e7on dont nous traitons vos donn\u00e9es (type de donn\u00e9es, finalit\u00e9, destinataire&#8230;), lisez notre\u00a0<b>https:\/\/ki-no-shiatsu-lyon.com\/politique-de-confidentialite<\/b>.\u00a0<\/p>\t\t\t\t\t\t\t\t<\/div>\n\t\t\t\t<\/div>\n\t\t\t\t<div class=\"elementor-element elementor-element-039769f elementor-widget__width-auto elementor-widget elementor-widget-text-editor\" data-id=\"039769f\" data-element_type=\"widget\" data-widget_type=\"text-editor.default\">\n\t\t\t\t<div class=\"elementor-widget-container\">\n\t\t\t\t\t\t\t\t\t<p><strong>5 &#8211; Liens hypertextes et cookies<\/strong><\/p>\t\t\t\t\t\t\t\t<\/div>\n\t\t\t\t<\/div>\n\t\t\t\t<div class=\"elementor-element elementor-element-65b8f0e elementor-widget__width-auto elementor-widget elementor-widget-text-editor\" data-id=\"65b8f0e\" data-element_type=\"widget\" data-widget_type=\"text-editor.default\">\n\t\t\t\t<div class=\"elementor-widget-container\">\n\t\t\t\t\t\t\t\t\t<p><strong>3 &#8211; Limitations de responsabilit\u00e9<\/strong><\/p>\t\t\t\t\t\t\t\t<\/div>\n\t\t\t\t<\/div>\n\t\t\t\t<div class=\"elementor-element elementor-element-8d9c458 elementor-widget__width-auto elementor-widget elementor-widget-text-editor\" data-id=\"8d9c458\" data-element_type=\"widget\" data-widget_type=\"text-editor.default\">\n\t\t\t\t<div class=\"elementor-widget-container\">\n\t\t\t\t\t\t\t\t\t<p>Le site <strong>https:\/\/ki-no-shiatsu-lyon.com\/<\/strong> contient des liens hypertextes vers d\u2019autres sites et d\u00e9gage toute responsabilit\u00e9 \u00e0 propos de ces liens externes ou des liens cr\u00e9\u00e9s par d\u2019autres sites vers <b>https:\/\/ki-no-shiatsu-lyon.com\/<\/b>.<\/p><p>La navigation sur le site <strong>https:\/\/ki-no-shiatsu-lyon.com\/<\/strong> est susceptible de provoquer l\u2019installation de cookie(s) sur l\u2019ordinateur de l\u2019utilisateur.<\/p><p>Un \u00ab\u00a0cookie\u00a0\u00bb est un fichier de petite taille qui enregistre des informations relatives \u00e0 la navigation d\u2019un utilisateur sur un site. Les donn\u00e9es ainsi obtenues permettent d&rsquo;obtenir des mesures de fr\u00e9quentation, par exemple.<\/p><p>Vous avez la possibilit\u00e9\u00a0<strong>d\u2019accepter ou de refuser les cookies\u00a0<\/strong>en modifiant les param\u00e8tres de votre navigateur. Aucun cookie ne sera d\u00e9pos\u00e9 sans votre consentement.<br \/>Les cookies sont enregistr\u00e9s pour une dur\u00e9e maximale de\u00a012\u00a0mois.<br \/>Pour plus d&rsquo;informations sur la fa\u00e7on dont nous faisons usage des cookies, lisez notre\u00a0<strong>https:\/\/ki-no-shiatsu-lyon.com\/politique-de-confidentialite<\/strong>.<\/p>\t\t\t\t\t\t\t\t<\/div>\n\t\t\t\t<\/div>\n\t\t\t\t<div class=\"elementor-element elementor-element-e9c862e elementor-widget__width-auto elementor-widget elementor-widget-text-editor\" data-id=\"e9c862e\" data-element_type=\"widget\" data-widget_type=\"text-editor.default\">\n\t\t\t\t<div class=\"elementor-widget-container\">\n\t\t\t\t\t\t\t\t\t<p><strong>6 &#8211; Droit applicable et attribution de juridiction<\/strong><\/p>\t\t\t\t\t\t\t\t<\/div>\n\t\t\t\t<\/div>\n\t\t\t\t<div class=\"elementor-element elementor-element-4f72ce3 elementor-widget__width-auto elementor-widget elementor-widget-text-editor\" data-id=\"4f72ce3\" data-element_type=\"widget\" data-widget_type=\"text-editor.default\">\n\t\t\t\t<div class=\"elementor-widget-container\">\n\t\t\t\t\t\t\t\t\t<p>Tout litige en relation avec l\u2019utilisation du site <strong>https:\/\/ki-no-shiatsu-lyon.com\/<\/strong> est soumis au droit fran\u00e7ais. En dehors des cas o\u00f9 la loi ne le permet pas, il est fait attribution exclusive de juridiction aux tribunaux comp\u00e9tents de <strong>Lyon<\/strong>.<\/p>\t\t\t\t\t\t\t\t<\/div>\n\t\t\t\t<\/div>\n\t\t\t\t<div class=\"elementor-element elementor-element-343d3eab elementor-widget elementor-widget-spacer\" data-id=\"343d3eab\" data-element_type=\"widget\" data-widget_type=\"spacer.default\">\n\t\t\t\t<div class=\"elementor-widget-container\">\n\t\t\t\t\t\t\t<div class=\"elementor-spacer\">\n\t\t\t<div class=\"elementor-spacer-inner\"><\/div>\n\t\t<\/div>\n\t\t\t\t\t\t<\/div>\n\t\t\t\t<\/div>\n\t\t\t\t\t<\/div>\n\t\t<\/div>\n\t\t\t\t\t<\/div>\n\t\t<\/section>\n\t\t\t\t<\/div>","protected":false},"excerpt":{"rendered":"<p>Mentions l\u00e9gales 1 &#8211; Edition du site En vertu de l&rsquo;article 6 de la loi n\u00b0 2004-575 du 21 juin 2004 pour la confiance dans l&rsquo;\u00e9conomie num\u00e9rique, il est pr\u00e9cis\u00e9 aux utilisateurs du site internet https:\/\/ki-no-shiatsu-lyon.com\/ l&rsquo;identit\u00e9 des diff\u00e9rents intervenants dans le cadre de sa r\u00e9alisation et de son suivi : Identification de l&rsquo;entreprise :\u00a0Kimiko Watanabe :\u00a0Statut l\u00e9gal : Entreprise individuelle, Siret 511 065\u00a0 369 00015\u00a0 Shiatsu : Praticienne certifi\u00e9e et agr\u00e9\u00e9e aupr\u00e8s de la F\u00e9d\u00e9ration Fran\u00e7aise de Shiatsu Traditionnel \u2013 FFSTCertificat de praticien n\u00b0 : P 009608 Massage Deep Tissue : Praticienne certifi\u00e9e aupr\u00e8s du Centre Formation A Fleur de Peau\u00a0 Assurance RC professionnelle : Medinat : HXFRME000006448 Adresse&hellip;&nbsp;<a href=\"https:\/\/ki-no-shiatsu-lyon.com\/ja\/mentions-legales\/\" rel=\"bookmark\">\u7d9a\u304d\u3092\u8aad\u3080 &raquo;<span class=\"screen-reader-text\">Mentions l\u00e9gales<\/span><\/a><\/p>","protected":false},"author":2,"featured_media":0,"parent":0,"menu_order":0,"comment_status":"closed","ping_status":"closed","template":"elementor_header_footer","meta":{"neve_meta_sidebar":"","neve_meta_container":"","neve_meta_enable_content_width":"off","neve_meta_content_width":100,"neve_meta_title_alignment":"","neve_meta_author_avatar":"","neve_post_elements_order":"","neve_meta_disable_header":"","neve_meta_disable_footer":"","neve_meta_disable_title":"on","footnotes":""},"class_list":["post-802","page","type-page","status-publish","hentry"],"rttpg_featured_image_url":null,"rttpg_author":{"display_name":"Charlotte Bebin","author_link":"https:\/\/ki-no-shiatsu-lyon.com\/ja\/author\/charlotte_web_design\/"},"rttpg_comment":0,"rttpg_category":null,"rttpg_excerpt":"Mentions l\u00e9gales 1 &#8211; Edition du site En vertu de l&rsquo;article 6 de la loi n\u00b0 2004-575 du 21 juin 2004 pour la confiance dans l&rsquo;\u00e9conomie num\u00e9rique, il est pr\u00e9cis\u00e9 aux utilisateurs du site internet https:\/\/ki-no-shiatsu-lyon.com\/ l&rsquo;identit\u00e9 des diff\u00e9rents intervenants dans le cadre de sa r\u00e9alisation et de son suivi : Identification de l&rsquo;entreprise :\u00a0Kimiko&hellip;","_links":{"self":[{"href":"https:\/\/ki-no-shiatsu-lyon.com\/ja\/wp-json\/wp\/v2\/pages\/802","targetHints":{"allow":["GET"]}}],"collection":[{"href":"https:\/\/ki-no-shiatsu-lyon.com\/ja\/wp-json\/wp\/v2\/pages"}],"about":[{"href":"https:\/\/ki-no-shiatsu-lyon.com\/ja\/wp-json\/wp\/v2\/types\/page"}],"author":[{"embeddable":true,"href":"https:\/\/ki-no-shiatsu-lyon.com\/ja\/wp-json\/wp\/v2\/users\/2"}],"replies":[{"embeddable":true,"href":"https:\/\/ki-no-shiatsu-lyon.com\/ja\/wp-json\/wp\/v2\/comments?post=802"}],"version-history":[{"count":44,"href":"https:\/\/ki-no-shiatsu-lyon.com\/ja\/wp-json\/wp\/v2\/pages\/802\/revisions"}],"predecessor-version":[{"id":2554,"href":"https:\/\/ki-no-shiatsu-lyon.com\/ja\/wp-json\/wp\/v2\/pages\/802\/revisions\/2554"}],"wp:attachment":[{"href":"https:\/\/ki-no-shiatsu-lyon.com\/ja\/wp-json\/wp\/v2\/media?parent=802"}],"curies":[{"name":"wp","href":"https:\/\/api.w.org\/{rel}","templated":true}]}}